{"id":915,"date":"2024-10-18T10:43:10","date_gmt":"2024-10-18T07:43:10","guid":{"rendered":"https:\/\/www.ristsonad.ee\/kuidas-digiristsonu-lahendada\/"},"modified":"2024-10-21T12:36:51","modified_gmt":"2024-10-21T09:36:51","slug":"how-to","status":"publish","type":"page","link":"https:\/\/www.ristsonad.ee\/en\/how-to\/","title":{"rendered":"How to?"},"content":{"rendered":"<h2 class=\"wp-block-heading\">Kuidas digirists\u00f5nu lahendada?<\/h2><p>Digirists\u00f5na lahendamine ei ole palju keerukam paberil lahendamisest \u2013 vali aga lahter, mille vastust tead, tee seal hiireklikk ning asu tr\u00fckkima. Kui oled lahtrisse \u00fche t\u00e4he sisestanud, h\u00fcppab kursor kohe ise j\u00e4rgmisse lahtrisse ning saad tr\u00fckkimisega j\u00e4tkata. <\/p><p>Kirjutamise vaikesuund on reas vasakult paremale, aktiivne rida v\u00e4rvub helekollaseks ning aktiivne lahter erkkollaseks. Kui soovid muuta suunda ning kirjutada veerus \u00fclalt alla, vajuta veel kord lahtrile v\u00f5i kasuta nooleklahve. Nooleklahvidega saad ka mugavalt terve rists\u00f5na sees liikuda.<\/p><p>T\u00e4htede kustutamiseks tee vastav lahter hiireklikiga v\u00f5i nooleklahviga liikudes aktiivseks ning kirjuta t\u00e4ht \u00fcle. T\u00e4he saad kustutada ka <em>backspace<\/em>&#8211; v\u00f5i <em>delete<\/em>-klahvi abil.<\/p><p>Rists\u00f5na kohalt paremalt leiad veel neli nuppu: lahenda aja peale, alusta uuesti, t\u00e4isekraan, kontrolli. <\/p><p>Kui soovid rists\u00f5na lahendada aja peale, vajuta vastavat nuppu. Seej\u00e4rel hakkab taimer m\u00f5\u00f5tma, kui kaua aega sul lahendamiseks kulub. Taimeri saad ka pausile panna. Aega saab m\u00f5\u00f5ta vaid rists\u00f5nas, mille lahendamist ei ole sa veel alustanud. Nupp &#8220;alusta uuesti&#8221; t\u00fchjendab rists\u00f5nalahtrid ning nullib taimeri. <\/p><p>Nupuga &#8220;kontrolli&#8221; saad mistahes hetkel kontrollida, kas sisestasid lahtrisse \u00f5ige t\u00e4he. Kui kogu rists\u00f5na on t\u00e4idetud, toimub automaatne kontroll ning sulle n\u00e4idatakse \u00e4ra v\u00f5imalikud vead. Need saad \u00e4ra parandada. Kui k\u00f5ik on \u00f5ige, ilmub ekraanile kiri: Lahendatud!<\/p><p>Rists\u00f5na alt leiad veel nupud &#8220;jaga&#8221; ja &#8220;tr\u00fcki&#8221;. Kui sulle rists\u00f5na meeldis, saad seda jagada oma Facebooki v\u00f5i X kontol v\u00f5i saata meiliga edasi. Samuti saad rists\u00f5na soovi korral v\u00e4lja printida. <\/p><p>Isegi kui algus tundub keeruline, siis pea meeles, et harjutamine teeb meistriks!<br>Toredat lahendamist!<\/p>","protected":false},"excerpt":{"rendered":"<p>Kuidas digirists\u00f5nu lahendada? Digirists\u00f5na lahendamine ei ole palju keerukam paberil lahendamisest \u2013 vali aga lahter, mille vastust tead, tee seal hiireklikk ning asu tr\u00fckkima. Kui oled lahtrisse \u00fche t\u00e4he sisestanud, h\u00fcppab kursor kohe ise j\u00e4rgmisse lahtrisse ning saad tr\u00fckkimisega j\u00e4tkata. Kirjutamise vaikesuund on reas vasakult paremale, aktiivne rida v\u00e4rvub helekollaseks ning aktiivne lahter erkkollaseks. Kui [&hellip;]<\/p>\n","protected":false},"author":20,"featured_media":0,"parent":0,"menu_order":0,"comment_status":"closed","ping_status":"closed","template":"page-content.php","meta":{"_acf_changed":false,"pmpro_default_level":"","footnotes":""},"class_list":["post-915","page","type-page","status-publish","hentry","pmpro-has-access"],"acf":[],"yoast_head":"<!-- This site is optimized with the Yoast SEO plugin v23.6 - https:\/\/yoast.com\/wordpress\/plugins\/seo\/ -->\n<title>How to? - Nuti crosswords<\/title>\n<meta name=\"robots\" content=\"index, follow, max-snippet:-1, max-image-preview:large, max-video-preview:-1\" \/>\n<link rel=\"canonical\" href=\"https:\/\/www.ristsonad.ee\/en\/how-to\/\" \/>\n<meta property=\"og:locale\" content=\"en_US\" \/>\n<meta property=\"og:type\" content=\"article\" \/>\n<meta property=\"og:title\" content=\"How to? - Nuti crosswords\" \/>\n<meta property=\"og:description\" content=\"Kuidas digirists\u00f5nu lahendada? Digirists\u00f5na lahendamine ei ole palju keerukam paberil lahendamisest \u2013 vali aga lahter, mille vastust tead, tee seal hiireklikk ning asu tr\u00fckkima. Kui oled lahtrisse \u00fche t\u00e4he sisestanud, h\u00fcppab kursor kohe ise j\u00e4rgmisse lahtrisse ning saad tr\u00fckkimisega j\u00e4tkata. Kirjutamise vaikesuund on reas vasakult paremale, aktiivne rida v\u00e4rvub helekollaseks ning aktiivne lahter erkkollaseks. Kui [&hellip;]\" \/>\n<meta property=\"og:url\" content=\"https:\/\/www.ristsonad.ee\/en\/how-to\/\" \/>\n<meta property=\"og:site_name\" content=\"Nuti crosswords\" \/>\n<meta property=\"article:publisher\" content=\"https:\/\/www.facebook.com\/nutiristsonad\/\" \/>\n<meta property=\"article:modified_time\" content=\"2024-10-21T09:36:51+00:00\" \/>\n<meta property=\"og:image\" content=\"https:\/\/www.ristsonad.ee\/wp-content\/uploads\/2024\/08\/nuti_og.png\" \/>\n\t<meta property=\"og:image:width\" content=\"1200\" \/>\n\t<meta property=\"og:image:height\" content=\"630\" \/>\n\t<meta property=\"og:image:type\" content=\"image\/png\" \/>\n<meta name=\"twitter:card\" content=\"summary_large_image\" \/>\n<meta name=\"twitter:label1\" content=\"Est. reading time\" \/>\n\t<meta name=\"twitter:data1\" content=\"2 minutes\" \/>\n<script type=\"application\/ld+json\" class=\"yoast-schema-graph\">{\"@context\":\"https:\/\/schema.org\",\"@graph\":[{\"@type\":\"WebPage\",\"@id\":\"https:\/\/www.ristsonad.ee\/en\/how-to\/\",\"url\":\"https:\/\/www.ristsonad.ee\/en\/how-to\/\",\"name\":\"How to? - Nuti crosswords\",\"isPartOf\":{\"@id\":\"https:\/\/www.ristsonad.ee\/en\/#website\"},\"datePublished\":\"2024-10-18T07:43:10+00:00\",\"dateModified\":\"2024-10-21T09:36:51+00:00\",\"breadcrumb\":{\"@id\":\"https:\/\/www.ristsonad.ee\/en\/how-to\/#breadcrumb\"},\"inLanguage\":\"en-US\",\"potentialAction\":[{\"@type\":\"ReadAction\",\"target\":[\"https:\/\/www.ristsonad.ee\/en\/how-to\/\"]}]},{\"@type\":\"BreadcrumbList\",\"@id\":\"https:\/\/www.ristsonad.ee\/en\/how-to\/#breadcrumb\",\"itemListElement\":[{\"@type\":\"ListItem\",\"position\":1,\"name\":\"Home\",\"item\":\"https:\/\/www.ristsonad.ee\/en\/frontpage\/\"},{\"@type\":\"ListItem\",\"position\":2,\"name\":\"How to?\"}]},{\"@type\":\"WebSite\",\"@id\":\"https:\/\/www.ristsonad.ee\/en\/#website\",\"url\":\"https:\/\/www.ristsonad.ee\/en\/\",\"name\":\"Nuti Rists\u00f5nad\",\"description\":\"\",\"publisher\":{\"@id\":\"https:\/\/www.ristsonad.ee\/en\/#organization\"},\"potentialAction\":[{\"@type\":\"SearchAction\",\"target\":{\"@type\":\"EntryPoint\",\"urlTemplate\":\"https:\/\/www.ristsonad.ee\/en\/?s={search_term_string}\"},\"query-input\":{\"@type\":\"PropertyValueSpecification\",\"valueRequired\":true,\"valueName\":\"search_term_string\"}}],\"inLanguage\":\"en-US\"},{\"@type\":\"Organization\",\"@id\":\"https:\/\/www.ristsonad.ee\/en\/#organization\",\"name\":\"Nuti Grupp\",\"url\":\"https:\/\/www.ristsonad.ee\/en\/\",\"logo\":{\"@type\":\"ImageObject\",\"inLanguage\":\"en-US\",\"@id\":\"https:\/\/www.ristsonad.ee\/en\/#\/schema\/logo\/image\/\",\"url\":\"https:\/\/www.ristsonad.ee\/wp-content\/uploads\/2024\/08\/thumbnail.png\",\"contentUrl\":\"https:\/\/www.ristsonad.ee\/wp-content\/uploads\/2024\/08\/thumbnail.png\",\"width\":512,\"height\":280,\"caption\":\"Nuti Grupp\"},\"image\":{\"@id\":\"https:\/\/www.ristsonad.ee\/en\/#\/schema\/logo\/image\/\"},\"sameAs\":[\"https:\/\/www.facebook.com\/nutiristsonad\/\",\"https:\/\/www.instagram.com\/nutiristsonad\/\",\"https:\/\/www.tiktok.com\/@nutiristsonad\"]}]}<\/script>\n<!-- \/ Yoast SEO plugin. -->","yoast_head_json":{"title":"How to? - Nuti crosswords","robots":{"index":"index","follow":"follow","max-snippet":"max-snippet:-1","max-image-preview":"max-image-preview:large","max-video-preview":"max-video-preview:-1"},"canonical":"https:\/\/www.ristsonad.ee\/en\/how-to\/","og_locale":"en_US","og_type":"article","og_title":"How to? - Nuti crosswords","og_description":"Kuidas digirists\u00f5nu lahendada? Digirists\u00f5na lahendamine ei ole palju keerukam paberil lahendamisest \u2013 vali aga lahter, mille vastust tead, tee seal hiireklikk ning asu tr\u00fckkima. Kui oled lahtrisse \u00fche t\u00e4he sisestanud, h\u00fcppab kursor kohe ise j\u00e4rgmisse lahtrisse ning saad tr\u00fckkimisega j\u00e4tkata. Kirjutamise vaikesuund on reas vasakult paremale, aktiivne rida v\u00e4rvub helekollaseks ning aktiivne lahter erkkollaseks. Kui [&hellip;]","og_url":"https:\/\/www.ristsonad.ee\/en\/how-to\/","og_site_name":"Nuti crosswords","article_publisher":"https:\/\/www.facebook.com\/nutiristsonad\/","article_modified_time":"2024-10-21T09:36:51+00:00","og_image":[{"width":1200,"height":630,"url":"https:\/\/www.ristsonad.ee\/wp-content\/uploads\/2024\/08\/nuti_og.png","type":"image\/png"}],"twitter_card":"summary_large_image","twitter_misc":{"Est. reading time":"2 minutes"},"schema":{"@context":"https:\/\/schema.org","@graph":[{"@type":"WebPage","@id":"https:\/\/www.ristsonad.ee\/en\/how-to\/","url":"https:\/\/www.ristsonad.ee\/en\/how-to\/","name":"How to? - Nuti crosswords","isPartOf":{"@id":"https:\/\/www.ristsonad.ee\/en\/#website"},"datePublished":"2024-10-18T07:43:10+00:00","dateModified":"2024-10-21T09:36:51+00:00","breadcrumb":{"@id":"https:\/\/www.ristsonad.ee\/en\/how-to\/#breadcrumb"},"inLanguage":"en-US","potentialAction":[{"@type":"ReadAction","target":["https:\/\/www.ristsonad.ee\/en\/how-to\/"]}]},{"@type":"BreadcrumbList","@id":"https:\/\/www.ristsonad.ee\/en\/how-to\/#breadcrumb","itemListElement":[{"@type":"ListItem","position":1,"name":"Home","item":"https:\/\/www.ristsonad.ee\/en\/frontpage\/"},{"@type":"ListItem","position":2,"name":"How to?"}]},{"@type":"WebSite","@id":"https:\/\/www.ristsonad.ee\/en\/#website","url":"https:\/\/www.ristsonad.ee\/en\/","name":"Nuti Rists\u00f5nad","description":"","publisher":{"@id":"https:\/\/www.ristsonad.ee\/en\/#organization"},"potentialAction":[{"@type":"SearchAction","target":{"@type":"EntryPoint","urlTemplate":"https:\/\/www.ristsonad.ee\/en\/?s={search_term_string}"},"query-input":{"@type":"PropertyValueSpecification","valueRequired":true,"valueName":"search_term_string"}}],"inLanguage":"en-US"},{"@type":"Organization","@id":"https:\/\/www.ristsonad.ee\/en\/#organization","name":"Nuti Grupp","url":"https:\/\/www.ristsonad.ee\/en\/","logo":{"@type":"ImageObject","inLanguage":"en-US","@id":"https:\/\/www.ristsonad.ee\/en\/#\/schema\/logo\/image\/","url":"https:\/\/www.ristsonad.ee\/wp-content\/uploads\/2024\/08\/thumbnail.png","contentUrl":"https:\/\/www.ristsonad.ee\/wp-content\/uploads\/2024\/08\/thumbnail.png","width":512,"height":280,"caption":"Nuti Grupp"},"image":{"@id":"https:\/\/www.ristsonad.ee\/en\/#\/schema\/logo\/image\/"},"sameAs":["https:\/\/www.facebook.com\/nutiristsonad\/","https:\/\/www.instagram.com\/nutiristsonad\/","https:\/\/www.tiktok.com\/@nutiristsonad"]}]}},"_links":{"self":[{"href":"https:\/\/www.ristsonad.ee\/en\/wp-json\/wp\/v2\/pages\/915"}],"collection":[{"href":"https:\/\/www.ristsonad.ee\/en\/wp-json\/wp\/v2\/pages"}],"about":[{"href":"https:\/\/www.ristsonad.ee\/en\/wp-json\/wp\/v2\/types\/page"}],"author":[{"embeddable":true,"href":"https:\/\/www.ristsonad.ee\/en\/wp-json\/wp\/v2\/users\/20"}],"replies":[{"embeddable":true,"href":"https:\/\/www.ristsonad.ee\/en\/wp-json\/wp\/v2\/comments?post=915"}],"version-history":[{"count":1,"href":"https:\/\/www.ristsonad.ee\/en\/wp-json\/wp\/v2\/pages\/915\/revisions"}],"predecessor-version":[{"id":916,"href":"https:\/\/www.ristsonad.ee\/en\/wp-json\/wp\/v2\/pages\/915\/revisions\/916"}],"wp:attachment":[{"href":"https:\/\/www.ristsonad.ee\/en\/wp-json\/wp\/v2\/media?parent=915"}],"curies":[{"name":"wp","href":"https:\/\/api.w.org\/{rel}","templated":true}]}}