{"id":1433,"date":"2024-10-03T14:23:18","date_gmt":"2024-10-03T11:23:18","guid":{"rendered":"https:\/\/www.ristsonad.ee\/isikuandmete-tootlemise-tingimused\/"},"modified":"2025-06-30T12:10:31","modified_gmt":"2025-06-30T09:10:31","slug":"personal-data-processing-rules","status":"publish","type":"page","link":"https:\/\/www.ristsonad.ee\/en\/personal-data-processing-rules\/","title":{"rendered":"Personal data processing rules"},"content":{"rendered":"<div class=\"wp-block-group\"><div class=\"wp-block-group__inner-container is-layout-constrained wp-block-group-is-layout-constrained\"><div class=\"wp-block-columns is-layout-flex wp-container-core-columns-is-layout-1 wp-block-columns-is-layout-flex\"><div class=\"wp-block-column is-layout-flow wp-block-column-is-layout-flow\" style=\"flex-basis:100%\"><p>Isikuandmete t\u00f6\u00f6tlemise tingimused<br>Kehtivad alates 7.10.2024<\/p>\n\n<p><strong>1. \u00dcLDS\u00c4TTED<\/strong><br>K\u00e4esolevad isikuandmete t\u00f6\u00f6tlemise tingimused selgitavad, millistel eesm\u00e4rkidel ja \u00f5iguslikel alustel Nuti Grupp O\u00dc (edaspidi ka Nuti Grupp v\u00f5i meie) kui isikuandmete vastutav t\u00f6\u00f6tleja kogub ja t\u00f6\u00f6tleb isikuandmeid ning millised on seejuures andmesubjektide \u00f5igused. Andmesubjekt (edaspidi ka teie) on Isikuandmete t\u00f6\u00f6tlemise \u00adtingimuste m\u00f5istes Nuti Grupi paber- v\u00f5i digiv\u00e4ljaande tellija, veebilehtede (<a href=\"https:\/\/www.nutigrupp.ee\">www.nutigrupp.ee<\/a> ja <a href=\"https:\/\/www.ristsonad.ee\/en\/\">www.ristsonad.ee<\/a>) k\u00fclastaja v\u00f5i registreeritud kasutaja, m\u00fc\u00fcgikeskkonna (<a href=\"https:\/\/www.nutigrupp.ee\">www.nutigrupp.ee<\/a> ja <a href=\"https:\/\/www.tellimine.ee\/\">www.tellimine.ee<\/a>) kasutaja, kampaanias v\u00f5i auhinnam\u00e4ngus osaleja ning muu f\u00fc\u00fcsiline isik, kelle isikuandmeid me t\u00f6\u00f6tleme.<\/p>\n\n<p><strong>2. ISIKUANDMETE VASTUTAV T\u00d6\u00d6TLEJA ON:<\/strong><br>    Nuti Grupp O\u00dc<br>    registrikood 14610400<br>    aadress Tartu mnt 74, 10144 Tallinn<br>    kontaktid: 5611 1023, <a href=\"mailto:nuti@nutigrupp.ee\">nuti@nutigrupp.ee<\/a><br>    veebilehed <a href=\"https:\/\/www.nutigrupp.ee\">www.nutigrupp.ee<\/a>, <a href=\"https:\/\/www.ristsonad.ee\/en\/\">www.ristsonad.ee<\/a><\/p>\n\n<p><strong>3. ISIKUANDMETE T\u00d6\u00d6TLEMISE P\u00d5HIM\u00d5TTED<\/strong><br>3.1. <strong>Seaduslikkus ja l\u00e4bipaistvus<\/strong> \u2013 t\u00f6\u00f6tleme isikuandmeid seaduslikul, \u00f5iglasel ja l\u00e4bipaistval viisil.<br>3.2. <strong>Eesm\u00e4rgip\u00e4rasus <\/strong>\u2013 kogume isikuandmeid t\u00e4pselt ja selgelt kindlaks m\u00e4\u00e4ratud ning \u00f5igusp\u00e4rastel eesm\u00e4rkidel. T\u00f6\u00f6tlemise eesm\u00e4rkide muutmine v\u00f5ib tuleneda \u00f5igusaktidest v\u00f5i teie loast. Muudatustest teavitame teid eelnevalt.<br>3.3. <strong>Minimaalsus <\/strong>\u2013 tagame, et t\u00f6\u00f6deldavad isikuandmed on asjakohased, olulised ja piiratud sellega, mis on vajalik nende t\u00f6\u00f6tlemise eesm\u00e4rgi seisukohalt.<br>3.4. <strong>\u00d5igsus <\/strong>\u2013 tagame, et isikuandmed on \u00f5iged ja ajakohased. T\u00f6\u00f6tlemise seisukohast eba\u00f5iged isikuandmed kustutame v\u00f5i parandame viivitamata.<br>3.5. <strong>S\u00e4ilitamise piirang<\/strong> \u2013 j\u00e4rgime isikuandmete s\u00e4ilitamisel nende t\u00f6\u00f6tlemise vajadust, st andmeid, mis v\u00f5imaldavad f\u00fc\u00fcsilise isiku tuvastamist, hoitakse alles seni, kuni see on vajalik t\u00f6\u00f6tlemise eesm\u00e4rgi saavutamiseks. S\u00e4ilitamise t\u00e4htaja m\u00e4\u00e4ramisel j\u00e4rgime \u00f5igusaktide n\u00f5udeid, siduvates lepingutes kokkulepitut v\u00f5i tugineme t\u00e4htaja m\u00e4\u00e4ramisel oma \u00f5igustatud huvile.<br>3.6. <strong>Usaldusv\u00e4\u00e4rsus ja konfidentsiaalsus<\/strong> \u2013 t\u00f6\u00f6tleme isikuandmeid viisil, mis tagab nende n\u00f5uetekohase turvalisuse, sealhulgas kaitseme loata v\u00f5i ebaseadusliku t\u00f6\u00f6tlemise eest ning juhusliku kaotamise, h\u00e4vimise v\u00f5i kahjustumise eest. Hoiame k\u00f5ik t\u00f6\u00f6deldavad isikuandmed konfidentsiaalsena ja kaitseme isikuandmeid ebaseaduslikult kolmandate isikute k\u00e4tte sattumise eest t\u00f5husate turvameetmete rakendamisega.<br>3.7. <strong>Vastutus <\/strong>\u2013 vastutame alati meie k\u00e4sutuses olevate isikuandmetega tehtud toimingute eest ning oleme valmis n\u00f5uetekohast t\u00f6\u00f6tlemist ka t\u00f5endama.<\/p>\n\n<p><strong>4. ISIKUANDMETE KOGUMINE ja T\u00d6\u00d6TLEMINE<\/strong><br>4.1. Kogume isikuandmeid, mida te meile ise esitate. Andmeid kogutakse teiega lepingu s\u00f5lmimise v\u00f5i lepingu s\u00f5lmimise eelsete toimingute k\u00e4igus. Kogume:<br>4.1.1. Peamisi isikuandmeid: ees- ja perekonnanimi ning isikukood.<br>4.1.2. Kontaktandmeid: aadress, telefoninumber, e-posti aadress.<br>4.1.3. Kasutajakonto andmeid: e-posti aadress, kasutajanimi ja parool.<br>4.1.4. Lepingu andmeid: lepingu number ja sisu, osapoolte andmed.<br>4.1.5. Makseandmeid: pangakonto number, muud pangarekvisiidid.<br>4.1.6. Veebik\u00fclastuste andmeid: veebilehtede k\u00fclastamine ja kasutamine.<br>4.1.7. Teenuste tarbimise andmeid: teenuste kasutamise statistilisi andmeid.<\/p>\n\n<p><strong>5. ISIKUANDMETE T\u00d6\u00d6TLEMISE \u00d5IGUSLIKUD ALUSED ja EESM\u00c4RGID<\/strong><br>5.1. <strong>N\u00f5usolek <\/strong>on meile vajalik teie andmete t\u00f6\u00f6tlemiseks, kui soovime teie andmeid t\u00f6\u00f6delda eesm\u00e4rgil, milleks meil ei ole lepingust ega seadusest tulenevat muud \u00f5iguslikku alust. N\u00f5usoleku saamisel t\u00f6\u00f6tleme teie andmeid vastava eesm\u00e4rgi ulatuses ja piirides. Teil on \u00f5igus antud n\u00f5usolek igal ajal tagasi v\u00f5tta. K\u00f5ik teile e-posti teel saadetavad kommertsteadaanded sisaldavad juhendit n\u00f5usolekust loobumiseks. Samuti saate kommertsteadaannete jaoks antud n\u00f5usoleku tagasi v\u00f5tta, p\u00f6\u00f6rdudes Nuti Grupi poole ning saates vastavasisulise e-kirja aadressile <a href=\"mailto:nuti@nutigrupp.ee\">nuti@nutigrupp.ee<\/a>. K\u00fcpsiste kasutamiseks antud n\u00f5usoleku saate tagasi v\u00f5tta k\u00fcpsiste n\u00f5usoleku haldurist. N\u00f5usoleku tagasiv\u00f5tmine ei m\u00f5juta enne tagasiv\u00f5tmist n\u00f5usoleku alusel toimunud isikuandmete t\u00f6\u00f6tlemise seaduslikkust. N\u00f5usolekut vajame:<br>5.1.1. Pakkumiste, uudiskirjade, meeldetuletuste, kutsete, tagasisideuuringute, \u00f5nnitluste ja muude reklaamteadete saatmiseks.<br>5.1.2. Teenuste parendamiseks ja anal\u00fc\u00fcsimiseks.<br>5.1.3. Kampaaniate ja auhinnam\u00e4ngude korraldamiseks.<br>5.2. <strong>Lepingu t\u00e4itmiseks<\/strong> v\u00f5i lepingu s\u00f5lmimisele eelnevate toimingute tegemiseks on vajalikud andmed, ilma milleta ei saa lepingus v\u00f5etud kohustusi t\u00e4ita ja teenust osutada. Kui te meile lepingu s\u00f5lmimiseks v\u00f5i t\u00e4itmiseks vajalikke andmeid ei esita v\u00f5i esitate valeandmeid, ei saa me teiega lepinguid s\u00f5lmida v\u00f5i lepinguga v\u00f5etud kohustusi t\u00e4ita. Lepingu t\u00e4itmiseks t\u00f6\u00f6tleme vaid selleks vajalikke andmeid. Lepingu t\u00e4itmiseks on vajalik andmeid koguda, salvestada, s\u00e4ilitada, edastada, kasutada ja muul asjakohasel viisil t\u00f6\u00f6delda j\u00e4rgmistel eesm\u00e4rkidel:<br>5.2.1. Teiega suhtlemiseks, et lepingut s\u00f5lmida, informatsiooni edastada ja osutada teenust (paber- ja digiv\u00e4ljaannete tellimine ja kasutamine, auhinnam\u00e4ngud jne).<br>5.2.2. Teenuse osutamiseks vajalike andmete edastamiseks koost\u00f6\u00f6partneritele (ajakirjade tellimise korraldaja Express Post, ajakirjade kojukande korraldaja Eesti Post, makselahendused e-poes, pangad ja arvete tasumine).<br>5.2.3. Arvete koostamiseks ja saatmiseks ning raamatupidamiseks.<br>5.2.4. Vajadusel v\u00f5ime k\u00fcsida teilt t\u00e4iendavaid andmeid v\u00f5i koguda andmeid avalikest andmebaasidest.<br>5.3. <strong>Juriidiliste kohustuste t\u00e4itmiseks<\/strong>, kui andmete t\u00f6\u00f6tlemise kohustus tuleneb m\u00f5nest \u00f5igusaktist, st andmete t\u00f6\u00f6tlemine on vajalik, et t\u00e4ita m\u00f5nda meile pandud juriidilist kohustust.<br>5.4. <strong>\u00d5igustatud huvi<\/strong>. Teil on \u00f5igus k\u00fcsida selgitusi \u00f5igustatud huvile tugineva isikuandmete t\u00f6\u00f6tlemise kohta, saates p\u00e4ringu punktis 2 nimetatud e-posti aadressile. Samuti on teil \u00f5igus saata vastuv\u00e4ide, kui leiate, et teie andmete t\u00f6\u00f6tlemine allpool toodud eesm\u00e4rkidel kahjustab teie \u00f5igusi.<br>5.4.1. V\u00f5ime oma \u00f5igustatud huvi alusel teie isikuandmeid t\u00f6\u00f6delda seoses oma kliendibaasi haldamise ja anal\u00fc\u00fcsiga turunduslikel v\u00f5i statistilistel eesm\u00e4rkidel.<br>5.4.2. V\u00f5ime edastada teie andmeid muudele isikutele, kui see on vajalik meie \u00f5iguste kaitsmiseks (n\u00e4iteks kohtutele, v\u00f5lgade sissen\u00f5udmisega tegelevatele isikutele, kohtut\u00e4ituritele) v\u00f5i meie seadusest tuleneva kohustuse t\u00e4itmiseks.<\/p>\n\n<p><strong>6. LIGIP\u00c4\u00c4S ISIKUANDMETELE<\/strong><br>6.1. Lisaks muudele k\u00e4esolevates tingimustes nimetatud isikutele v\u00f5ivad teie andmetele ligip\u00e4\u00e4su saada IT-, raamatupidamis-, turundus- jm tugiteenuste osutajad, pangad ja krediidiasutused ning muud isikud, kellele andmete edastamine on vajalik k\u00e4esolevates tingimustes s\u00e4testatud eesm\u00e4rkidel v\u00f5i kellele oleme vastavalt seadusele kohustatud andmeid edastama (eelk\u00f5ige riigiasutused).<br>6.2. K\u00f5ik koost\u00f6\u00f6partnerid, kellele me teie andmeid edastame, on kohustatud hoidma teie andmeid konfidentsiaalsena.<br>6.3. Me ei v\u00e4ljasta teie andmeid k\u00e4esolevates tingimustes nimetamata isikutele ilma teie n\u00f5usoleku v\u00f5i taotluseta, v\u00e4lja arvatud juhul, kui oleme selleks kohustatud vastavalt seadustele.<\/p>\n\n<p><strong>7. ISIKUANDMETE S\u00c4ILITAMINE<\/strong><br>7.1. S\u00e4ilitame teie isikuandmeid seni, kuni me vajame neid lepingu t\u00e4itmiseks, ning p\u00e4rast seda seni, kuni meie lepingulisest suhtest tulenevalt v\u00f5ib veel n\u00f5udeid tekkida v\u00f5i kuni andmete s\u00e4ilitamine on meile kohustuslik (n\u00e4iteks raamatupidamiseks vajalikke isikuandmeid tuleb l\u00e4htuvalt seadusest s\u00e4ilitada 7 aastat). Eri andmete puhul on s\u00e4ilitamise t\u00e4htajad erinevad.<br>7.2. Oma isikuandmete s\u00e4ilitamise kohta t\u00e4psema teabe saamiseks v\u00f5tke meiega \u00fchendust punktis 2 toodud kontaktidel.<\/p>\n\n<p><strong>8. ANDMESUBJEKTI \u00d5IGUSED SAADA INFOT ENDA ANDMETE KOHTA<\/strong><br>8.1. Andmesubjektil on alati \u00f5igus p\u00f6\u00f6rduda meie poole, et saada juurdep\u00e4\u00e4s ennast puudutavatele isikuandmetele ning tutvuda sellega, milliseid teie andmeid, millistel eesm\u00e4rkidel ja kuidas me t\u00f6\u00f6tleme, taotleda eba\u00f5igete andmete parandamist, ebavajalike andmete kustutamist ning p\u00f5hjendatud juhtudel piirata, milliseid toiminguid me teie andmetega teeme, v\u00f5i esitada muid vastuv\u00e4iteid.<br>8.2. Kui olete andnud meile n\u00f5usoleku oma isikuandmete t\u00f6\u00f6tlemiseks m\u00f5nel eesm\u00e4rgil, on teil igal ajal \u00f5igus n\u00f5usolek tagasi v\u00f5tta ning me l\u00f5petame kohe vastavad toimingud, kui meil pole andmete t\u00f6\u00f6tlemiseks muud \u00f5iguslikku alust.<br>8.3. Teil on igal ajal v\u00f5imalik loobuda uudiskirjade, pakkumiste, meeldetuletuste, kutsete, tagasisideuuringute ja muude reklaamteadete saamisest, j\u00e4rgides kirjadele v\u00f5i s\u00f5numitele lisatud juhiseid.<br>8.4. Samuti on teil soovi korral \u00f5igus saada masinloetaval kujul isikuandmed, mida te olete meile esitanud, ning taotleda nende edastamist m\u00f5nele teisele organisatsioonile. Taotlustega p\u00f6\u00f6rduge punktis 2 toodud kontaktidel.<br>8.5. Kui te leiate, et teie \u00f5igusi on rikutud, on teil \u00f5igus p\u00f6\u00f6rduda Andmekaitse Inspektsiooni poole. Andmekaitse Inspektsiooni kontaktandmed on k\u00e4ttesaadavad veebilehel <a href=\"https:\/\/www.aki.ee\">www.aki.ee<\/a>.<\/p>\n\n<p><strong>9. K\u00dcPSISTE KASUTAMINE JA P\u00d5HIM\u00d5TTED<\/strong><br>Nuti Grupp kasutab oma veebilehtedel k\u00fcpsiseid ja\/v\u00f5i muid tehnoloogiaid. Andmesubjekt annab k\u00fcpsiste kasutamiseks loa ja saab seda alati muuta.<br><strong>9.1. K\u00fcpsiste kasutamine:<\/strong><br>9.1.1. Teie paremaks teenindamiseks kasutavad Nuti Grupi veebilehed k\u00fcpsiseid ehk <em>cookie<\/em>\u2019sid.<br>9.1.2. Nuti Grupile kuuluvad domeenid v\u00f5ivad muu hulgas sisaldada elementi, mis salvestavad k\u00fcpsiseid kolmandate isikute nimel.<br><strong>9.2. Mis on k\u00fcpsis ehk <em>cookie<\/em>?<\/strong><br>9.2.1. K\u00fcpsis on tekstifail, mille saadavad ja salvestavad teie arvutisse veebilehed, mida te k\u00fclastate. K\u00fcpsis salvestatakse veebilehitseja failikataloogis. Juhul kui olete veebilehte varem k\u00fclastanud, loeb veebilehitseja k\u00fcpsist ning edastab vastava teabe veebilehele v\u00f5i elemendile, mis k\u00fcpsise algul salvestas. Lisateave k\u00fcpsiste kohta on k\u00e4ttesaadav Andmekaitse Inspektsiooni veebilehel <a href=\"https:\/\/www.aki.ee\">www.aki.ee<\/a>.<br>9.2.2. K\u00fcpsised v\u00f5imaldavad j\u00e4lgida veebilehe kasutusstatistikat, rubriikide populaarsust ning muid veebilehel tehtavaid toiminguid. K\u00fcpsisest saadavat teavet kasutatakse veebilehe kasutusmugavuse ja sisu parandamise eesm\u00e4rgil.<br><strong>9.3. K\u00fcpsiste kasutamise eesm\u00e4rgid<\/strong><br>9.3.1. Veebilehtede sujuvaks toimimiseks ja teenuse osutamiseks.<br>9.3.2. Veebilehtede kasutajamugavuse ja ligip\u00e4\u00e4setavuse t\u00f5stmiseks.<br>9.3.3. Reklaami personaliseerimiseks.<br>9.3.4. Sisu ja\/v\u00f5i teenuse parendamiseks \u2013 statistika ja anal\u00fc\u00fctika k\u00fcpsised v\u00f5imaldavad parendada sisu vastavalt lugemise arvule ja huvile;<br>9.3.5. Vajadusel kasutatakse k\u00fcpsistega kogutud isikuandmeid kohtus v\u00f5i muudes \u00f5iguskaitseorganites t\u00f5endina (n\u00e4iteks t\u00f5endamaks oma andmekaitse protsesse).<br><strong>9.4. K\u00fcpsiste kasutamise \u00f5iguslikud alused<\/strong><br>9.4.1. N\u00f5usolek k\u00fcpsiste kasutamiseks meie veebilehtedel.<br>9.4.2. \u00d5igustatud huvi ja lepingu t\u00e4itmine.<br><strong>9.5. Sotsiaalmeedia k\u00fcpsised<\/strong><br>R\u00f5hutame, et sotsiaalmeedia teenustega seonduvate k\u00fcpsiste korral ei ole meil v\u00f5imalik tagada, et isikuandmeid ei edastata Ameerika \u00dchendriiki. N\u00e4iteks Facebook on kinnitanud, et Euroopa Liidus viibivate isikute andmeid hoitakse Euroopas, kuid Euroopa Kohus on asjas Schrems II (C-3111\/18) tuvastanud vastupidise. Facebookiga seonduvate k\u00fcpsiste korral on kogutavad andmed meie jaoks anon\u00fc\u00fcmsed, kuid neid andmeid salvestab ja t\u00f6\u00f6tleb Facebook. Facebook saab neid andmed siduda teie Facebooki kontoga ja kasutada neid reklaami eesm\u00e4rgil vastavalt Facebooki andmet\u00f6\u00f6tluse <a href=\"https:\/\/www.facebook.com\/about\/privacy\/\">reeglitele<\/a> nii Facebooki platvormil kui ka v\u00e4ljaspool seda. Kui te ei soovi andmeedastust Facebookile, siis on teil n\u00f5usoleku alusel andmet\u00f6\u00f6tluse korral \u00f5igus n\u00f5usolekut mitte anda v\u00f5i see tagasi v\u00f5tta ning \u00f5igustatud huvi alusel andmet\u00f6\u00f6tluse korral \u00f5igus t\u00f6\u00f6tlust keelata. Samuti on teil v\u00f5imalik edasisest t\u00f6\u00f6tlusest keelduda enda internetilehitseja kaudu <a href=\"https:\/\/networkadvertising.org\/choices\">https:\/\/networkadvertising.org\/choices<\/a>.<br><strong>9.6. K\u00fcpsistest keeldumine<\/strong><br>9.6.1. Teil on \u00f5igus keelduda k\u00fcpsiste salvestamisest arvutisse v\u00f5i muusse seadmesse v\u00f5i vastava mooduliga. Vastava soovi korral peate muutma oma veebilehitseja seadeid.<br>9.6.2. Eri t\u00fc\u00fcpi veebilehitsejad kasutavad k\u00fcpsiste keelamiseks erinevaid meetodeid. T\u00e4psem informatsioon on veebilehel <a href=\"https:\/\/www.aki.ee\/kupsised\">www.aki.ee\/kupsised<\/a>.<br>9.6.3. K\u00fcpsiste blokeerimisel peate arvestama, et k\u00f5ik veebilehe funktsioonid ei pruugi p\u00e4rast k\u00fcpsiste blokeerimist enam olla k\u00e4ttesaadavad.<br><strong>9.7. Veebilehel kasutatavate k\u00fcpsiste t\u00fc\u00fcbid<\/strong><br>9.7.1. P\u00fcsik\u00fcpsised on h\u00e4davajalikud veebilehel ringi liikumiseks ja selle funktsioonide kasutamiseks ning nende puudumisel ei saa kasutada k\u00f5iki veebilehe funktsioone.<br>9.7.2. Sessioonik\u00fcpsised v\u00f5imaldavad veebilehel meelde j\u00e4tta teie varasemaid valikuid (n\u00e4iteks kasutajanimi, keelevalik jne) ning seel\u00e4bi pakkuda t\u00f5husamaid ja isikup\u00e4rasemaid funktsioone.<br>9.7.3. J\u00e4lgimisk\u00fcpsised koguvad andmeid teie k\u00e4itumisest veebilehel. Saadav informatsioon v\u00f5imaldab t\u00f5sta veebilehe kasutusmugavust.<br>9.7.4. Reklaamk\u00fcpsised koguvad andmeid sirvimisharjumuste kohta, mis omakorda v\u00f5imaldab veebilehel esitada teie eelistustega koosk\u00f5las olevat reklaamisisu. Lisaks v\u00f5imaldab vastav k\u00fcpsiseliik m\u00f5\u00f5ta reklaamikampaania t\u00f5husust.<br><strong>9.8. K\u00fcpsiste eelistuste muutmine<\/strong><br>9.8.1. K\u00fcpsiste eelistusi saab alati muuta vajutades <a href=\"\/#gdpr_cookie_modal\">siia<\/a>.<\/p>\n\n<p><strong>10. TINGIMUSTE MUUTMINE<\/strong><br>Nuti Grupp vaatab isikuandmete t\u00f6\u00f6tlemise tingimusi regulaarselt \u00fcle ning kohandab neid vastavalt isikuandmete t\u00f6\u00f6tluses toimuvatele muudatustele. Kehtivad tingimused on alati k\u00e4ttesaadavad Nuti Grupi veebilehel <a href=\"https:\/\/nutigrupp.ee\/privaatsustingimused\/\">https:\/\/nutigrupp.ee\/privaatsustingimused\/<\/a><\/p><\/div><\/div><\/div><\/div>","protected":false},"excerpt":{"rendered":"<p>Isikuandmete t\u00f6\u00f6tlemise tingimusedKehtivad alates 7.10.2024 1. \u00dcLDS\u00c4TTEDK\u00e4esolevad isikuandmete t\u00f6\u00f6tlemise tingimused selgitavad, millistel eesm\u00e4rkidel ja \u00f5iguslikel alustel Nuti Grupp O\u00dc (edaspidi ka Nuti Grupp v\u00f5i meie) kui isikuandmete vastutav t\u00f6\u00f6tleja kogub ja t\u00f6\u00f6tleb isikuandmeid ning millised on seejuures andmesubjektide \u00f5igused. Andmesubjekt (edaspidi ka teie) on Isikuandmete t\u00f6\u00f6tlemise \u00adtingimuste m\u00f5istes Nuti Grupi paber- v\u00f5i digiv\u00e4ljaande tellija, veebilehtede [&hellip;]<\/p>\n","protected":false},"author":20,"featured_media":0,"parent":0,"menu_order":0,"comment_status":"closed","ping_status":"closed","template":"page-content.php","meta":{"_acf_changed":false,"pmpro_default_level":"","footnotes":""},"class_list":["post-1433","page","type-page","status-publish","hentry","pmpro-has-access"],"acf":[],"yoast_head":"<!-- This site is optimized with the Yoast SEO plugin v23.6 - https:\/\/yoast.com\/wordpress\/plugins\/seo\/ -->\n<title>Personal data processing rules - Nuti crosswords<\/title>\n<meta name=\"robots\" content=\"index, follow, max-snippet:-1, max-image-preview:large, max-video-preview:-1\" \/>\n<link rel=\"canonical\" href=\"https:\/\/www.ristsonad.ee\/en\/personal-data-processing-rules\/\" \/>\n<meta property=\"og:locale\" content=\"en_US\" \/>\n<meta property=\"og:type\" content=\"article\" \/>\n<meta property=\"og:title\" content=\"Personal data processing rules - Nuti crosswords\" \/>\n<meta property=\"og:description\" content=\"Isikuandmete t\u00f6\u00f6tlemise tingimusedKehtivad alates 7.10.2024 1. \u00dcLDS\u00c4TTEDK\u00e4esolevad isikuandmete t\u00f6\u00f6tlemise tingimused selgitavad, millistel eesm\u00e4rkidel ja \u00f5iguslikel alustel Nuti Grupp O\u00dc (edaspidi ka Nuti Grupp v\u00f5i meie) kui isikuandmete vastutav t\u00f6\u00f6tleja kogub ja t\u00f6\u00f6tleb isikuandmeid ning millised on seejuures andmesubjektide \u00f5igused. Andmesubjekt (edaspidi ka teie) on Isikuandmete t\u00f6\u00f6tlemise \u00adtingimuste m\u00f5istes Nuti Grupi paber- v\u00f5i digiv\u00e4ljaande tellija, veebilehtede [&hellip;]\" \/>\n<meta property=\"og:url\" content=\"https:\/\/www.ristsonad.ee\/en\/personal-data-processing-rules\/\" \/>\n<meta property=\"og:site_name\" content=\"Nuti crosswords\" \/>\n<meta property=\"article:publisher\" content=\"https:\/\/www.facebook.com\/nutiristsonad\/\" \/>\n<meta property=\"article:modified_time\" content=\"2025-06-30T09:10:31+00:00\" \/>\n<meta property=\"og:image\" content=\"https:\/\/www.ristsonad.ee\/wp-content\/uploads\/2024\/08\/nuti_og.png\" \/>\n\t<meta property=\"og:image:width\" content=\"1200\" \/>\n\t<meta property=\"og:image:height\" content=\"630\" \/>\n\t<meta property=\"og:image:type\" content=\"image\/png\" \/>\n<meta name=\"twitter:card\" content=\"summary_large_image\" \/>\n<meta name=\"twitter:label1\" content=\"Est. reading time\" \/>\n\t<meta name=\"twitter:data1\" content=\"9 minutes\" \/>\n<script type=\"application\/ld+json\" class=\"yoast-schema-graph\">{\"@context\":\"https:\/\/schema.org\",\"@graph\":[{\"@type\":\"WebPage\",\"@id\":\"https:\/\/www.ristsonad.ee\/en\/personal-data-processing-rules\/\",\"url\":\"https:\/\/www.ristsonad.ee\/en\/personal-data-processing-rules\/\",\"name\":\"Personal data processing rules - Nuti crosswords\",\"isPartOf\":{\"@id\":\"https:\/\/www.ristsonad.ee\/en\/#website\"},\"datePublished\":\"2024-10-03T11:23:18+00:00\",\"dateModified\":\"2025-06-30T09:10:31+00:00\",\"breadcrumb\":{\"@id\":\"https:\/\/www.ristsonad.ee\/en\/personal-data-processing-rules\/#breadcrumb\"},\"inLanguage\":\"en-US\",\"potentialAction\":[{\"@type\":\"ReadAction\",\"target\":[\"https:\/\/www.ristsonad.ee\/en\/personal-data-processing-rules\/\"]}]},{\"@type\":\"BreadcrumbList\",\"@id\":\"https:\/\/www.ristsonad.ee\/en\/personal-data-processing-rules\/#breadcrumb\",\"itemListElement\":[{\"@type\":\"ListItem\",\"position\":1,\"name\":\"Home\",\"item\":\"https:\/\/www.ristsonad.ee\/en\/frontpage\/\"},{\"@type\":\"ListItem\",\"position\":2,\"name\":\"Personal data processing rules\"}]},{\"@type\":\"WebSite\",\"@id\":\"https:\/\/www.ristsonad.ee\/en\/#website\",\"url\":\"https:\/\/www.ristsonad.ee\/en\/\",\"name\":\"Nuti Rists\u00f5nad\",\"description\":\"\",\"publisher\":{\"@id\":\"https:\/\/www.ristsonad.ee\/en\/#organization\"},\"potentialAction\":[{\"@type\":\"SearchAction\",\"target\":{\"@type\":\"EntryPoint\",\"urlTemplate\":\"https:\/\/www.ristsonad.ee\/en\/?s={search_term_string}\"},\"query-input\":{\"@type\":\"PropertyValueSpecification\",\"valueRequired\":true,\"valueName\":\"search_term_string\"}}],\"inLanguage\":\"en-US\"},{\"@type\":\"Organization\",\"@id\":\"https:\/\/www.ristsonad.ee\/en\/#organization\",\"name\":\"Nuti Grupp\",\"url\":\"https:\/\/www.ristsonad.ee\/en\/\",\"logo\":{\"@type\":\"ImageObject\",\"inLanguage\":\"en-US\",\"@id\":\"https:\/\/www.ristsonad.ee\/en\/#\/schema\/logo\/image\/\",\"url\":\"https:\/\/www.ristsonad.ee\/wp-content\/uploads\/2024\/08\/thumbnail.png\",\"contentUrl\":\"https:\/\/www.ristsonad.ee\/wp-content\/uploads\/2024\/08\/thumbnail.png\",\"width\":512,\"height\":280,\"caption\":\"Nuti Grupp\"},\"image\":{\"@id\":\"https:\/\/www.ristsonad.ee\/en\/#\/schema\/logo\/image\/\"},\"sameAs\":[\"https:\/\/www.facebook.com\/nutiristsonad\/\",\"https:\/\/www.instagram.com\/nutiristsonad\/\",\"https:\/\/www.tiktok.com\/@nutiristsonad\"]}]}<\/script>\n<!-- \/ Yoast SEO plugin. -->","yoast_head_json":{"title":"Personal data processing rules - Nuti crosswords","robots":{"index":"index","follow":"follow","max-snippet":"max-snippet:-1","max-image-preview":"max-image-preview:large","max-video-preview":"max-video-preview:-1"},"canonical":"https:\/\/www.ristsonad.ee\/en\/personal-data-processing-rules\/","og_locale":"en_US","og_type":"article","og_title":"Personal data processing rules - Nuti crosswords","og_description":"Isikuandmete t\u00f6\u00f6tlemise tingimusedKehtivad alates 7.10.2024 1. \u00dcLDS\u00c4TTEDK\u00e4esolevad isikuandmete t\u00f6\u00f6tlemise tingimused selgitavad, millistel eesm\u00e4rkidel ja \u00f5iguslikel alustel Nuti Grupp O\u00dc (edaspidi ka Nuti Grupp v\u00f5i meie) kui isikuandmete vastutav t\u00f6\u00f6tleja kogub ja t\u00f6\u00f6tleb isikuandmeid ning millised on seejuures andmesubjektide \u00f5igused. Andmesubjekt (edaspidi ka teie) on Isikuandmete t\u00f6\u00f6tlemise \u00adtingimuste m\u00f5istes Nuti Grupi paber- v\u00f5i digiv\u00e4ljaande tellija, veebilehtede [&hellip;]","og_url":"https:\/\/www.ristsonad.ee\/en\/personal-data-processing-rules\/","og_site_name":"Nuti crosswords","article_publisher":"https:\/\/www.facebook.com\/nutiristsonad\/","article_modified_time":"2025-06-30T09:10:31+00:00","og_image":[{"width":1200,"height":630,"url":"https:\/\/www.ristsonad.ee\/wp-content\/uploads\/2024\/08\/nuti_og.png","type":"image\/png"}],"twitter_card":"summary_large_image","twitter_misc":{"Est. reading time":"9 minutes"},"schema":{"@context":"https:\/\/schema.org","@graph":[{"@type":"WebPage","@id":"https:\/\/www.ristsonad.ee\/en\/personal-data-processing-rules\/","url":"https:\/\/www.ristsonad.ee\/en\/personal-data-processing-rules\/","name":"Personal data processing rules - Nuti crosswords","isPartOf":{"@id":"https:\/\/www.ristsonad.ee\/en\/#website"},"datePublished":"2024-10-03T11:23:18+00:00","dateModified":"2025-06-30T09:10:31+00:00","breadcrumb":{"@id":"https:\/\/www.ristsonad.ee\/en\/personal-data-processing-rules\/#breadcrumb"},"inLanguage":"en-US","potentialAction":[{"@type":"ReadAction","target":["https:\/\/www.ristsonad.ee\/en\/personal-data-processing-rules\/"]}]},{"@type":"BreadcrumbList","@id":"https:\/\/www.ristsonad.ee\/en\/personal-data-processing-rules\/#breadcrumb","itemListElement":[{"@type":"ListItem","position":1,"name":"Home","item":"https:\/\/www.ristsonad.ee\/en\/frontpage\/"},{"@type":"ListItem","position":2,"name":"Personal data processing rules"}]},{"@type":"WebSite","@id":"https:\/\/www.ristsonad.ee\/en\/#website","url":"https:\/\/www.ristsonad.ee\/en\/","name":"Nuti Rists\u00f5nad","description":"","publisher":{"@id":"https:\/\/www.ristsonad.ee\/en\/#organization"},"potentialAction":[{"@type":"SearchAction","target":{"@type":"EntryPoint","urlTemplate":"https:\/\/www.ristsonad.ee\/en\/?s={search_term_string}"},"query-input":{"@type":"PropertyValueSpecification","valueRequired":true,"valueName":"search_term_string"}}],"inLanguage":"en-US"},{"@type":"Organization","@id":"https:\/\/www.ristsonad.ee\/en\/#organization","name":"Nuti Grupp","url":"https:\/\/www.ristsonad.ee\/en\/","logo":{"@type":"ImageObject","inLanguage":"en-US","@id":"https:\/\/www.ristsonad.ee\/en\/#\/schema\/logo\/image\/","url":"https:\/\/www.ristsonad.ee\/wp-content\/uploads\/2024\/08\/thumbnail.png","contentUrl":"https:\/\/www.ristsonad.ee\/wp-content\/uploads\/2024\/08\/thumbnail.png","width":512,"height":280,"caption":"Nuti Grupp"},"image":{"@id":"https:\/\/www.ristsonad.ee\/en\/#\/schema\/logo\/image\/"},"sameAs":["https:\/\/www.facebook.com\/nutiristsonad\/","https:\/\/www.instagram.com\/nutiristsonad\/","https:\/\/www.tiktok.com\/@nutiristsonad"]}]}},"_links":{"self":[{"href":"https:\/\/www.ristsonad.ee\/en\/wp-json\/wp\/v2\/pages\/1433"}],"collection":[{"href":"https:\/\/www.ristsonad.ee\/en\/wp-json\/wp\/v2\/pages"}],"about":[{"href":"https:\/\/www.ristsonad.ee\/en\/wp-json\/wp\/v2\/types\/page"}],"author":[{"embeddable":true,"href":"https:\/\/www.ristsonad.ee\/en\/wp-json\/wp\/v2\/users\/20"}],"replies":[{"embeddable":true,"href":"https:\/\/www.ristsonad.ee\/en\/wp-json\/wp\/v2\/comments?post=1433"}],"version-history":[{"count":1,"href":"https:\/\/www.ristsonad.ee\/en\/wp-json\/wp\/v2\/pages\/1433\/revisions"}],"predecessor-version":[{"id":1435,"href":"https:\/\/www.ristsonad.ee\/en\/wp-json\/wp\/v2\/pages\/1433\/revisions\/1435"}],"wp:attachment":[{"href":"https:\/\/www.ristsonad.ee\/en\/wp-json\/wp\/v2\/media?parent=1433"}],"curies":[{"name":"wp","href":"https:\/\/api.w.org\/{rel}","templated":true}]}}