{"id":1429,"date":"2025-06-27T14:54:24","date_gmt":"2025-06-27T11:54:24","guid":{"rendered":"https:\/\/www.ristsonad.ee\/auhinnamangu-reeglid\/"},"modified":"2025-06-30T12:04:48","modified_gmt":"2025-06-30T09:04:48","slug":"prize-campaign-rules","status":"publish","type":"page","link":"https:\/\/www.ristsonad.ee\/en\/prize-campaign-rules\/","title":{"rendered":"Prize campaign rules"},"content":{"rendered":"<p>Kampaanias osaleja kinnitab Korraldajale enda kohta esitatud andmete \u00f5igsust, vastavust korraldaja kehtestatud reeglitele, soovi osaleda kampaanias ja n\u00f5ustumist k\u00f5igi korraldaja kehtestatud kampaaniatingimustega. Alaealise osaleja puhul loetakse osalemine kinnitatuks, kui osalejal on olemas seadusliku esindaja v\u00f5i eestkostja n\u00f5usolek kampaanias osalemiseks ning see isik kinnitab kampaania reeglitega tutvumist ning nendega n\u00f5ustumist.<\/p><p>Kampaanias osaleja annab Korraldajale n\u00f5usoleku kampaania l\u00e4biviimise eesm\u00e4rgil kasutada ja edastada kampaania korraldajale t\u00f6\u00f6tlemiseks oma isikuandmeid, sh kampaania v\u00f5itjate nimede avaldamiseks Nuti Grupi sotsiaalmeediakanalites, uudiskirjade saatmiseks ning samuti oma isikuandmete s\u00e4ilitamiseks p\u00e4rast kampaania l\u00f5ppu v\u00f5imalike vaidluste lahendamiseks.<\/p><p>Kampaania kohta saab lisateavet k\u00fcsida ja tekkinud pretensioone esitada e-posti aadressil info@nutigrupp.ee Laekunud k\u00fcsimustele vastatakse kolme t\u00f6\u00f6p\u00e4eva jooksul.<\/p><p>V\u00e4\u00e4ramatu j\u00f5u (<em>force majeure<\/em>) asjaolude ilmnemisel on Korraldajal \u00fchepoolne \u00f5igus katkestada kampaania ja j\u00e4tta auhinnad v\u00e4lja loosimata ja\/v\u00f5i auhinnad v\u00f5itjatele \u00fcle andmata, teavitades sellest koheselt meedia vahendusel.<\/p><p><\/p>","protected":false},"excerpt":{"rendered":"<p>Kampaanias osaleja kinnitab Korraldajale enda kohta esitatud andmete \u00f5igsust, vastavust korraldaja kehtestatud reeglitele, soovi osaleda kampaanias ja n\u00f5ustumist k\u00f5igi korraldaja kehtestatud kampaaniatingimustega. Alaealise osaleja puhul loetakse osalemine kinnitatuks, kui osalejal on olemas seadusliku esindaja v\u00f5i eestkostja n\u00f5usolek kampaanias osalemiseks ning see isik kinnitab kampaania reeglitega tutvumist ning nendega n\u00f5ustumist. Kampaanias osaleja annab Korraldajale n\u00f5usoleku kampaania [&hellip;]<\/p>\n","protected":false},"author":20,"featured_media":0,"parent":0,"menu_order":0,"comment_status":"closed","ping_status":"closed","template":"page-content.php","meta":{"_acf_changed":false,"pmpro_default_level":"","footnotes":""},"class_list":["post-1429","page","type-page","status-publish","hentry","pmpro-has-access"],"acf":[],"yoast_head":"<!-- This site is optimized with the Yoast SEO plugin v23.6 - https:\/\/yoast.com\/wordpress\/plugins\/seo\/ -->\n<title>Prize campaign rules - Nuti crosswords<\/title>\n<meta name=\"robots\" content=\"index, follow, max-snippet:-1, max-image-preview:large, max-video-preview:-1\" \/>\n<link rel=\"canonical\" href=\"https:\/\/www.ristsonad.ee\/en\/prize-campaign-rules\/\" \/>\n<meta property=\"og:locale\" content=\"en_US\" \/>\n<meta property=\"og:type\" content=\"article\" \/>\n<meta property=\"og:title\" content=\"Prize campaign rules - Nuti crosswords\" \/>\n<meta property=\"og:description\" content=\"Kampaanias osaleja kinnitab Korraldajale enda kohta esitatud andmete \u00f5igsust, vastavust korraldaja kehtestatud reeglitele, soovi osaleda kampaanias ja n\u00f5ustumist k\u00f5igi korraldaja kehtestatud kampaaniatingimustega. Alaealise osaleja puhul loetakse osalemine kinnitatuks, kui osalejal on olemas seadusliku esindaja v\u00f5i eestkostja n\u00f5usolek kampaanias osalemiseks ning see isik kinnitab kampaania reeglitega tutvumist ning nendega n\u00f5ustumist. Kampaanias osaleja annab Korraldajale n\u00f5usoleku kampaania [&hellip;]\" \/>\n<meta property=\"og:url\" content=\"https:\/\/www.ristsonad.ee\/en\/prize-campaign-rules\/\" \/>\n<meta property=\"og:site_name\" content=\"Nuti crosswords\" \/>\n<meta property=\"article:publisher\" content=\"https:\/\/www.facebook.com\/nutiristsonad\/\" \/>\n<meta property=\"article:modified_time\" content=\"2025-06-30T09:04:48+00:00\" \/>\n<meta property=\"og:image\" content=\"https:\/\/www.ristsonad.ee\/wp-content\/uploads\/2024\/08\/nuti_og.png\" \/>\n\t<meta property=\"og:image:width\" content=\"1200\" \/>\n\t<meta property=\"og:image:height\" content=\"630\" \/>\n\t<meta property=\"og:image:type\" content=\"image\/png\" \/>\n<meta name=\"twitter:card\" content=\"summary_large_image\" \/>\n<meta name=\"twitter:label1\" content=\"Est. reading time\" \/>\n\t<meta name=\"twitter:data1\" content=\"1 minute\" \/>\n<script type=\"application\/ld+json\" class=\"yoast-schema-graph\">{\"@context\":\"https:\/\/schema.org\",\"@graph\":[{\"@type\":\"WebPage\",\"@id\":\"https:\/\/www.ristsonad.ee\/en\/prize-campaign-rules\/\",\"url\":\"https:\/\/www.ristsonad.ee\/en\/prize-campaign-rules\/\",\"name\":\"Prize campaign rules - Nuti crosswords\",\"isPartOf\":{\"@id\":\"https:\/\/www.ristsonad.ee\/en\/#website\"},\"datePublished\":\"2025-06-27T11:54:24+00:00\",\"dateModified\":\"2025-06-30T09:04:48+00:00\",\"breadcrumb\":{\"@id\":\"https:\/\/www.ristsonad.ee\/en\/prize-campaign-rules\/#breadcrumb\"},\"inLanguage\":\"en-US\",\"potentialAction\":[{\"@type\":\"ReadAction\",\"target\":[\"https:\/\/www.ristsonad.ee\/en\/prize-campaign-rules\/\"]}]},{\"@type\":\"BreadcrumbList\",\"@id\":\"https:\/\/www.ristsonad.ee\/en\/prize-campaign-rules\/#breadcrumb\",\"itemListElement\":[{\"@type\":\"ListItem\",\"position\":1,\"name\":\"Home\",\"item\":\"https:\/\/www.ristsonad.ee\/en\/frontpage\/\"},{\"@type\":\"ListItem\",\"position\":2,\"name\":\"Prize campaign rules\"}]},{\"@type\":\"WebSite\",\"@id\":\"https:\/\/www.ristsonad.ee\/en\/#website\",\"url\":\"https:\/\/www.ristsonad.ee\/en\/\",\"name\":\"Nuti Rists\u00f5nad\",\"description\":\"\",\"publisher\":{\"@id\":\"https:\/\/www.ristsonad.ee\/en\/#organization\"},\"potentialAction\":[{\"@type\":\"SearchAction\",\"target\":{\"@type\":\"EntryPoint\",\"urlTemplate\":\"https:\/\/www.ristsonad.ee\/en\/?s={search_term_string}\"},\"query-input\":{\"@type\":\"PropertyValueSpecification\",\"valueRequired\":true,\"valueName\":\"search_term_string\"}}],\"inLanguage\":\"en-US\"},{\"@type\":\"Organization\",\"@id\":\"https:\/\/www.ristsonad.ee\/en\/#organization\",\"name\":\"Nuti Grupp\",\"url\":\"https:\/\/www.ristsonad.ee\/en\/\",\"logo\":{\"@type\":\"ImageObject\",\"inLanguage\":\"en-US\",\"@id\":\"https:\/\/www.ristsonad.ee\/en\/#\/schema\/logo\/image\/\",\"url\":\"https:\/\/www.ristsonad.ee\/wp-content\/uploads\/2024\/08\/thumbnail.png\",\"contentUrl\":\"https:\/\/www.ristsonad.ee\/wp-content\/uploads\/2024\/08\/thumbnail.png\",\"width\":512,\"height\":280,\"caption\":\"Nuti Grupp\"},\"image\":{\"@id\":\"https:\/\/www.ristsonad.ee\/en\/#\/schema\/logo\/image\/\"},\"sameAs\":[\"https:\/\/www.facebook.com\/nutiristsonad\/\",\"https:\/\/www.instagram.com\/nutiristsonad\/\",\"https:\/\/www.tiktok.com\/@nutiristsonad\"]}]}<\/script>\n<!-- \/ Yoast SEO plugin. -->","yoast_head_json":{"title":"Prize campaign rules - Nuti crosswords","robots":{"index":"index","follow":"follow","max-snippet":"max-snippet:-1","max-image-preview":"max-image-preview:large","max-video-preview":"max-video-preview:-1"},"canonical":"https:\/\/www.ristsonad.ee\/en\/prize-campaign-rules\/","og_locale":"en_US","og_type":"article","og_title":"Prize campaign rules - Nuti crosswords","og_description":"Kampaanias osaleja kinnitab Korraldajale enda kohta esitatud andmete \u00f5igsust, vastavust korraldaja kehtestatud reeglitele, soovi osaleda kampaanias ja n\u00f5ustumist k\u00f5igi korraldaja kehtestatud kampaaniatingimustega. Alaealise osaleja puhul loetakse osalemine kinnitatuks, kui osalejal on olemas seadusliku esindaja v\u00f5i eestkostja n\u00f5usolek kampaanias osalemiseks ning see isik kinnitab kampaania reeglitega tutvumist ning nendega n\u00f5ustumist. Kampaanias osaleja annab Korraldajale n\u00f5usoleku kampaania [&hellip;]","og_url":"https:\/\/www.ristsonad.ee\/en\/prize-campaign-rules\/","og_site_name":"Nuti crosswords","article_publisher":"https:\/\/www.facebook.com\/nutiristsonad\/","article_modified_time":"2025-06-30T09:04:48+00:00","og_image":[{"width":1200,"height":630,"url":"https:\/\/www.ristsonad.ee\/wp-content\/uploads\/2024\/08\/nuti_og.png","type":"image\/png"}],"twitter_card":"summary_large_image","twitter_misc":{"Est. reading time":"1 minute"},"schema":{"@context":"https:\/\/schema.org","@graph":[{"@type":"WebPage","@id":"https:\/\/www.ristsonad.ee\/en\/prize-campaign-rules\/","url":"https:\/\/www.ristsonad.ee\/en\/prize-campaign-rules\/","name":"Prize campaign rules - Nuti crosswords","isPartOf":{"@id":"https:\/\/www.ristsonad.ee\/en\/#website"},"datePublished":"2025-06-27T11:54:24+00:00","dateModified":"2025-06-30T09:04:48+00:00","breadcrumb":{"@id":"https:\/\/www.ristsonad.ee\/en\/prize-campaign-rules\/#breadcrumb"},"inLanguage":"en-US","potentialAction":[{"@type":"ReadAction","target":["https:\/\/www.ristsonad.ee\/en\/prize-campaign-rules\/"]}]},{"@type":"BreadcrumbList","@id":"https:\/\/www.ristsonad.ee\/en\/prize-campaign-rules\/#breadcrumb","itemListElement":[{"@type":"ListItem","position":1,"name":"Home","item":"https:\/\/www.ristsonad.ee\/en\/frontpage\/"},{"@type":"ListItem","position":2,"name":"Prize campaign rules"}]},{"@type":"WebSite","@id":"https:\/\/www.ristsonad.ee\/en\/#website","url":"https:\/\/www.ristsonad.ee\/en\/","name":"Nuti Rists\u00f5nad","description":"","publisher":{"@id":"https:\/\/www.ristsonad.ee\/en\/#organization"},"potentialAction":[{"@type":"SearchAction","target":{"@type":"EntryPoint","urlTemplate":"https:\/\/www.ristsonad.ee\/en\/?s={search_term_string}"},"query-input":{"@type":"PropertyValueSpecification","valueRequired":true,"valueName":"search_term_string"}}],"inLanguage":"en-US"},{"@type":"Organization","@id":"https:\/\/www.ristsonad.ee\/en\/#organization","name":"Nuti Grupp","url":"https:\/\/www.ristsonad.ee\/en\/","logo":{"@type":"ImageObject","inLanguage":"en-US","@id":"https:\/\/www.ristsonad.ee\/en\/#\/schema\/logo\/image\/","url":"https:\/\/www.ristsonad.ee\/wp-content\/uploads\/2024\/08\/thumbnail.png","contentUrl":"https:\/\/www.ristsonad.ee\/wp-content\/uploads\/2024\/08\/thumbnail.png","width":512,"height":280,"caption":"Nuti Grupp"},"image":{"@id":"https:\/\/www.ristsonad.ee\/en\/#\/schema\/logo\/image\/"},"sameAs":["https:\/\/www.facebook.com\/nutiristsonad\/","https:\/\/www.instagram.com\/nutiristsonad\/","https:\/\/www.tiktok.com\/@nutiristsonad"]}]}},"_links":{"self":[{"href":"https:\/\/www.ristsonad.ee\/en\/wp-json\/wp\/v2\/pages\/1429"}],"collection":[{"href":"https:\/\/www.ristsonad.ee\/en\/wp-json\/wp\/v2\/pages"}],"about":[{"href":"https:\/\/www.ristsonad.ee\/en\/wp-json\/wp\/v2\/types\/page"}],"author":[{"embeddable":true,"href":"https:\/\/www.ristsonad.ee\/en\/wp-json\/wp\/v2\/users\/20"}],"replies":[{"embeddable":true,"href":"https:\/\/www.ristsonad.ee\/en\/wp-json\/wp\/v2\/comments?post=1429"}],"version-history":[{"count":2,"href":"https:\/\/www.ristsonad.ee\/en\/wp-json\/wp\/v2\/pages\/1429\/revisions"}],"predecessor-version":[{"id":1432,"href":"https:\/\/www.ristsonad.ee\/en\/wp-json\/wp\/v2\/pages\/1429\/revisions\/1432"}],"wp:attachment":[{"href":"https:\/\/www.ristsonad.ee\/en\/wp-json\/wp\/v2\/media?parent=1429"}],"curies":[{"name":"wp","href":"https:\/\/api.w.org\/{rel}","templated":true}]}}